{"id":68,"date":"2026-05-11T22:13:00","date_gmt":"2026-05-11T21:13:00","guid":{"rendered":"https:\/\/creaty.tech\/?post_type=product&#038;p=68"},"modified":"2026-05-11T22:36:34","modified_gmt":"2026-05-11T21:36:34","slug":"faca-para-legumes","status":"publish","type":"product","link":"https:\/\/creaty.tech\/en_GB\/product\/faca-para-legumes\/","title":{"rendered":"Faca para legumes"},"content":{"rendered":"<p><strong>Descri\u00e7\u00e3o:<\/strong>\u00a0Faca com l\u00e2mina em a\u00e7o inoxid\u00e1vel com serrilhas e cabo polyamide 6 (nylon), indicado para cortar p\u00e3o.<\/p>\n<p><strong>L\u00e2mina:<\/strong>\u00a020cm, 25cm<\/p>\n<p><strong>Cor:\u00a0<\/strong>Amarelo<\/p>\n<p><strong>Unidade de venda:<\/strong>\u00a0Venda por unidade.<\/p>\n<p>&nbsp;<\/p>","protected":false},"excerpt":{"rendered":"<p>faca para legumes, de acordo com normas haccp.<\/p>","protected":false},"featured_media":67,"template":"","meta":[],"product_brand":[65],"product_cat":[31,32],"product_tag":[],"class_list":{"0":"post-68","1":"product","2":"type-product","3":"status-publish","4":"has-post-thumbnail","6":"product_brand-sico","7":"product_cat-acessorios","8":"product_cat-cutelarias","10":"first","11":"outofstock","12":"shipping-taxable","13":"product-type-variable"},"yoast_head":"<!-- This site is optimized with the Yoast SEO plugin v27.5 - https:\/\/yoast.com\/product\/yoast-seo-wordpress\/ -->\n<title>Faca para legumes - Avaiense<\/title>\n<meta name=\"robots\" content=\"index, follow, max-snippet:-1, max-image-preview:large, max-video-preview:-1\" \/>\n<link rel=\"canonical\" href=\"https:\/\/creaty.tech\/en_GB\/product\/faca-para-legumes\/\" \/>\n<meta property=\"og:locale\" content=\"en_GB\" \/>\n<meta property=\"og:type\" content=\"article\" \/>\n<meta property=\"og:title\" content=\"Faca para legumes - Avaiense\" \/>\n<meta property=\"og:description\" content=\"faca para legumes, de acordo com normas haccp.\" \/>\n<meta property=\"og:url\" content=\"https:\/\/creaty.tech\/en_GB\/product\/faca-para-legumes\/\" \/>\n<meta property=\"og:site_name\" content=\"Avaiense\" \/>\n<meta property=\"article:publisher\" content=\"https:\/\/www.facebook.com\/distribuidoraaveirense\" \/>\n<meta property=\"article:modified_time\" content=\"2026-05-11T21:36:34+00:00\" \/>\n<meta property=\"og:image\" content=\"https:\/\/creaty.tech\/wp-content\/uploads\/2026\/05\/Design-sem-nome.jpg\" \/>\n\t<meta property=\"og:image:width\" content=\"800\" \/>\n\t<meta property=\"og:image:height\" content=\"800\" \/>\n\t<meta property=\"og:image:type\" content=\"image\/jpeg\" \/>\n<meta name=\"twitter:card\" content=\"summary_large_image\" \/>\n<meta name=\"twitter:label1\" content=\"Estimated reading time\" \/>\n\t<meta name=\"twitter:data1\" content=\"1 minute\" \/>\n<script type=\"application\/ld+json\" class=\"yoast-schema-graph\">{\"@context\":\"https:\\\/\\\/schema.org\",\"@graph\":[{\"@type\":\"WebPage\",\"@id\":\"https:\\\/\\\/creaty.tech\\\/produto\\\/faca-para-legumes\\\/\",\"url\":\"https:\\\/\\\/creaty.tech\\\/produto\\\/faca-para-legumes\\\/\",\"name\":\"Faca para legumes - Avaiense\",\"isPartOf\":{\"@id\":\"https:\\\/\\\/creaty.tech\\\/#website\"},\"primaryImageOfPage\":{\"@id\":\"https:\\\/\\\/creaty.tech\\\/produto\\\/faca-para-legumes\\\/#primaryimage\"},\"image\":{\"@id\":\"https:\\\/\\\/creaty.tech\\\/produto\\\/faca-para-legumes\\\/#primaryimage\"},\"thumbnailUrl\":\"https:\\\/\\\/creaty.tech\\\/wp-content\\\/uploads\\\/2026\\\/05\\\/Design-sem-nome.jpg\",\"datePublished\":\"2026-05-11T21:13:00+00:00\",\"dateModified\":\"2026-05-11T21:36:34+00:00\",\"breadcrumb\":{\"@id\":\"https:\\\/\\\/creaty.tech\\\/produto\\\/faca-para-legumes\\\/#breadcrumb\"},\"inLanguage\":\"en-GB\",\"potentialAction\":[{\"@type\":\"ReadAction\",\"target\":[\"https:\\\/\\\/creaty.tech\\\/produto\\\/faca-para-legumes\\\/\"]}]},{\"@type\":\"ImageObject\",\"inLanguage\":\"en-GB\",\"@id\":\"https:\\\/\\\/creaty.tech\\\/produto\\\/faca-para-legumes\\\/#primaryimage\",\"url\":\"https:\\\/\\\/creaty.tech\\\/wp-content\\\/uploads\\\/2026\\\/05\\\/Design-sem-nome.jpg\",\"contentUrl\":\"https:\\\/\\\/creaty.tech\\\/wp-content\\\/uploads\\\/2026\\\/05\\\/Design-sem-nome.jpg\",\"width\":800,\"height\":800},{\"@type\":\"BreadcrumbList\",\"@id\":\"https:\\\/\\\/creaty.tech\\\/produto\\\/faca-para-legumes\\\/#breadcrumb\",\"itemListElement\":[{\"@type\":\"ListItem\",\"position\":1,\"name\":\"In\u00edcio\",\"item\":\"https:\\\/\\\/creaty.tech\\\/\"},{\"@type\":\"ListItem\",\"position\":2,\"name\":\"Loja\",\"item\":\"https:\\\/\\\/creaty.tech\\\/loja\\\/\"},{\"@type\":\"ListItem\",\"position\":3,\"name\":\"Faca para legumes\"}]},{\"@type\":\"WebSite\",\"@id\":\"https:\\\/\\\/creaty.tech\\\/#website\",\"url\":\"https:\\\/\\\/creaty.tech\\\/\",\"name\":\"Distribuidora Aveirense\",\"description\":\"Tudo para o seu neg\u00f3cio\",\"publisher\":{\"@id\":\"https:\\\/\\\/creaty.tech\\\/#organization\"},\"potentialAction\":[{\"@type\":\"SearchAction\",\"target\":{\"@type\":\"EntryPoint\",\"urlTemplate\":\"https:\\\/\\\/creaty.tech\\\/?s={search_term_string}\"},\"query-input\":{\"@type\":\"PropertyValueSpecification\",\"valueRequired\":true,\"valueName\":\"search_term_string\"}}],\"inLanguage\":\"en-GB\"},{\"@type\":\"Organization\",\"@id\":\"https:\\\/\\\/creaty.tech\\\/#organization\",\"name\":\"Distribuidora Aveirense\",\"url\":\"https:\\\/\\\/creaty.tech\\\/\",\"logo\":{\"@type\":\"ImageObject\",\"inLanguage\":\"en-GB\",\"@id\":\"https:\\\/\\\/creaty.tech\\\/#\\\/schema\\\/logo\\\/image\\\/\",\"url\":\"https:\\\/\\\/creaty.tech\\\/wp-content\\\/uploads\\\/2026\\\/05\\\/cropped-logo_bfc13ccc.png\",\"contentUrl\":\"https:\\\/\\\/creaty.tech\\\/wp-content\\\/uploads\\\/2026\\\/05\\\/cropped-logo_bfc13ccc.png\",\"width\":400,\"height\":71,\"caption\":\"Distribuidora Aveirense\"},\"image\":{\"@id\":\"https:\\\/\\\/creaty.tech\\\/#\\\/schema\\\/logo\\\/image\\\/\"},\"sameAs\":[\"https:\\\/\\\/www.facebook.com\\\/distribuidoraaveirense\"]}]}<\/script>\n<!-- \/ Yoast SEO plugin. -->","yoast_head_json":{"title":"Faca para legumes - Avaiense","robots":{"index":"index","follow":"follow","max-snippet":"max-snippet:-1","max-image-preview":"max-image-preview:large","max-video-preview":"max-video-preview:-1"},"canonical":"https:\/\/creaty.tech\/en_GB\/product\/faca-para-legumes\/","og_locale":"en_GB","og_type":"article","og_title":"Faca para legumes - Avaiense","og_description":"faca para legumes, de acordo com normas haccp.","og_url":"https:\/\/creaty.tech\/en_GB\/product\/faca-para-legumes\/","og_site_name":"Avaiense","article_publisher":"https:\/\/www.facebook.com\/distribuidoraaveirense","article_modified_time":"2026-05-11T21:36:34+00:00","og_image":[{"width":800,"height":800,"url":"https:\/\/creaty.tech\/wp-content\/uploads\/2026\/05\/Design-sem-nome.jpg","type":"image\/jpeg"}],"twitter_card":"summary_large_image","twitter_misc":{"Estimated reading time":"1 minute"},"schema":{"@context":"https:\/\/schema.org","@graph":[{"@type":"WebPage","@id":"https:\/\/creaty.tech\/produto\/faca-para-legumes\/","url":"https:\/\/creaty.tech\/produto\/faca-para-legumes\/","name":"Faca para legumes - Avaiense","isPartOf":{"@id":"https:\/\/creaty.tech\/#website"},"primaryImageOfPage":{"@id":"https:\/\/creaty.tech\/produto\/faca-para-legumes\/#primaryimage"},"image":{"@id":"https:\/\/creaty.tech\/produto\/faca-para-legumes\/#primaryimage"},"thumbnailUrl":"https:\/\/creaty.tech\/wp-content\/uploads\/2026\/05\/Design-sem-nome.jpg","datePublished":"2026-05-11T21:13:00+00:00","dateModified":"2026-05-11T21:36:34+00:00","breadcrumb":{"@id":"https:\/\/creaty.tech\/produto\/faca-para-legumes\/#breadcrumb"},"inLanguage":"en-GB","potentialAction":[{"@type":"ReadAction","target":["https:\/\/creaty.tech\/produto\/faca-para-legumes\/"]}]},{"@type":"ImageObject","inLanguage":"en-GB","@id":"https:\/\/creaty.tech\/produto\/faca-para-legumes\/#primaryimage","url":"https:\/\/creaty.tech\/wp-content\/uploads\/2026\/05\/Design-sem-nome.jpg","contentUrl":"https:\/\/creaty.tech\/wp-content\/uploads\/2026\/05\/Design-sem-nome.jpg","width":800,"height":800},{"@type":"BreadcrumbList","@id":"https:\/\/creaty.tech\/produto\/faca-para-legumes\/#breadcrumb","itemListElement":[{"@type":"ListItem","position":1,"name":"In\u00edcio","item":"https:\/\/creaty.tech\/"},{"@type":"ListItem","position":2,"name":"Loja","item":"https:\/\/creaty.tech\/loja\/"},{"@type":"ListItem","position":3,"name":"Faca para legumes"}]},{"@type":"WebSite","@id":"https:\/\/creaty.tech\/#website","url":"https:\/\/creaty.tech\/","name":"Distribuidora Aveirense","description":"Tudo para o seu neg\u00f3cio","publisher":{"@id":"https:\/\/creaty.tech\/#organization"},"potentialAction":[{"@type":"SearchAction","target":{"@type":"EntryPoint","urlTemplate":"https:\/\/creaty.tech\/?s={search_term_string}"},"query-input":{"@type":"PropertyValueSpecification","valueRequired":true,"valueName":"search_term_string"}}],"inLanguage":"en-GB"},{"@type":"Organization","@id":"https:\/\/creaty.tech\/#organization","name":"Distribuidora Aveirense","url":"https:\/\/creaty.tech\/","logo":{"@type":"ImageObject","inLanguage":"en-GB","@id":"https:\/\/creaty.tech\/#\/schema\/logo\/image\/","url":"https:\/\/creaty.tech\/wp-content\/uploads\/2026\/05\/cropped-logo_bfc13ccc.png","contentUrl":"https:\/\/creaty.tech\/wp-content\/uploads\/2026\/05\/cropped-logo_bfc13ccc.png","width":400,"height":71,"caption":"Distribuidora Aveirense"},"image":{"@id":"https:\/\/creaty.tech\/#\/schema\/logo\/image\/"},"sameAs":["https:\/\/www.facebook.com\/distribuidoraaveirense"]}]}},"_links":{"self":[{"href":"https:\/\/creaty.tech\/en_GB\/wp-json\/wp\/v2\/product\/68","targetHints":{"allow":["GET"]}}],"collection":[{"href":"https:\/\/creaty.tech\/en_GB\/wp-json\/wp\/v2\/product"}],"about":[{"href":"https:\/\/creaty.tech\/en_GB\/wp-json\/wp\/v2\/types\/product"}],"wp:featuredmedia":[{"embeddable":true,"href":"https:\/\/creaty.tech\/en_GB\/wp-json\/wp\/v2\/media\/67"}],"wp:attachment":[{"href":"https:\/\/creaty.tech\/en_GB\/wp-json\/wp\/v2\/media?parent=68"}],"wp:term":[{"taxonomy":"product_brand","embeddable":true,"href":"https:\/\/creaty.tech\/en_GB\/wp-json\/wp\/v2\/product_brand?post=68"},{"taxonomy":"product_cat","embeddable":true,"href":"https:\/\/creaty.tech\/en_GB\/wp-json\/wp\/v2\/product_cat?post=68"},{"taxonomy":"product_tag","embeddable":true,"href":"https:\/\/creaty.tech\/en_GB\/wp-json\/wp\/v2\/product_tag?post=68"}],"curies":[{"name":"wp","href":"https:\/\/api.w.org\/{rel}","templated":true}]}}